{"id":9,"date":"2019-06-26T08:51:54","date_gmt":"2019-06-26T08:51:54","guid":{"rendered":"http:\/\/www.blanckotka.fi\/?page_id=9"},"modified":"2025-09-14T22:23:32","modified_gmt":"2025-09-14T20:23:32","slug":"kauneushoitola-blanc-kotka","status":"publish","type":"page","link":"https:\/\/www.blanckotka.fi\/","title":{"rendered":"Kauneushoitola Blanc Kotka"},"content":{"rendered":"<p>Blanc on kosmetologipalveluita ja muita kauneudenhoitopalveluita tarjoava yritys.<span style=\"font-size: revert;\">Palveluihin kuuluvat kynsipalvelut mm. kestolakkaukset ja rakennekynnet.<\/span><\/p>\n<p>Suihkurusketus joka toteutetaan laadukkailla Norvell sarjan tuotteilla!\u00a0<\/p>\n<p>Ripsi ja kulmapalvelut kuten, kulmien v\u00e4rj\u00e4ys sek\u00e4 muotoilu, browlift, lashlift, ripsien v\u00e4rj\u00e4ys.<\/p>\n<p>Meikkipalvelut juhlaan, h\u00e4ihin, kuvauksiin, lavalle tai vaikka opastus henkil\u00f6kohtaisesti tai porukalle! K\u00e4y tutustumassa kuva ja video tarjontaan Blanc Kotkan Instagram sivustolla tai facebookissa.<\/p>\n<p>Blancista l\u00f6yd\u00e4t my\u00f6s myyt\u00e4v\u00e4n\u00e4 laadukkaat MKATL- sarjan meikit. Makeup Atelier on ranskalainen tuotesarja, jotka h\u00e4mm\u00e4stytt\u00e4v\u00e4t pigmenttisyydell\u00e4\u00e4n ja kest\u00e4vyydell\u00e4\u00e4n. \u00a0T\u00e4ydellinen sarja teille,\u00a0 jotka arvostatte huipputasoa sek\u00e4 monipuolisuutta meikkauksessa kohtuuhintaan.<\/p>\n<p>Ihanat kosteuttavat ja rentouttavat kasvohoidot, tehokkaat happohoidot, ihonpuhdistukset sek\u00e4 mikroneulaus.\u00a0<\/p>\n<p><span style=\"font-size: revert;\">Katso lis\u00e4\u00e4 palvelutarjontaa hinnastosta, palvelut v\u00e4lilehdelt\u00e4 tai nettiajanvarauksesta. <\/span><span style=\"font-size: 1rem;\">Jos nettiajavaraus ei anna sopivaa aikaa tai muuten sinulla on kysytt\u00e4v\u00e4\u00e4 niin laita rohkeasti viesti\u00e4 Whatsapp tai s\u00e4hk\u00f6postitse.\u00a0<\/span><\/p>\n<p>Tervetuloa tutustumaan!\u00a0<\/p>\n\n\n<hr class=\"wp-block-separator has-css-opacity\"\/>\n\n\n\n<div class='wp-block-html5-player-video html5_video_players' class=\"wp-block-html5-player-video\" data-nonce=\"7ff7083a4c\" data-attributes=\"{&quot;imported&quot;:true,&quot;uniqueId&quot;:&quot;h5vp368c5ae5&quot;,&quot;source&quot;:&quot;https:\\\/\\\/www.blanckotka.fi\\\/Tiedostot\\\/spa.mp4&quot;,&quot;poster&quot;:&quot;https:\\\/\\\/www.blanckotka.fi\\\/wp-content\\\/uploads\\\/2024\\\/03\\\/spa_thumb.png&quot;,&quot;options&quot;:{&quot;controls&quot;:[&quot;play-large&quot;,&quot;play&quot;,&quot;progress&quot;,&quot;current-time&quot;,&quot;volume&quot;,&quot;fullscreen&quot;],&quot;settings&quot;:[&quot;captions&quot;,&quot;quality&quot;,&quot;speed&quot;,&quot;loop&quot;],&quot;loadSprite&quot;:true,&quot;autoplay&quot;:true,&quot;seekTime&quot;:10,&quot;volume&quot;:1,&quot;muted&quot;:false,&quot;hideControls&quot;:true,&quot;resetOnEnd&quot;:false,&quot;tooltips&quot;:{&quot;controls&quot;:true,&quot;seek&quot;:true},&quot;captions&quot;:{&quot;active&quot;:false,&quot;language&quot;:&quot;auto&quot;,&quot;update&quot;:true},&quot;ratio&quot;:null,&quot;storage&quot;:{&quot;enabled&quot;:true,&quot;key&quot;:&quot;plyr&quot;},&quot;speed&quot;:{&quot;options&quot;:[&quot;1&quot;,&quot;2&quot;,&quot;3&quot;,&quot;0.5&quot;,&quot;0.75&quot;,&quot;1.25&quot;,&quot;1.5&quot;,&quot;1.75&quot;,&quot;2.5&quot;]},&quot;loop&quot;:{&quot;active&quot;:true},&quot;ads&quot;:{&quot;enabled&quot;:true},&quot;urls&quot;:{&quot;enabled&quot;:false},&quot;markers&quot;:{&quot;enabled&quot;:true,&quot;points&quot;:[]},&quot;preload&quot;:&quot;metadata&quot;,&quot;imported&quot;:true},&quot;features&quot;:{&quot;popup&quot;:{&quot;enabled&quot;:false,&quot;type&quot;:&quot;poster&quot;,&quot;btnText&quot;:&quot;Watch Video&quot;,&quot;align&quot;:&quot;center&quot;,&quot;btnStyle&quot;:{&quot;color&quot;:&quot;#fff&quot;,&quot;backgroundColor&quot;:&quot;#006BA1&quot;,&quot;fontSize&quot;:&quot;16px&quot;,&quot;padding&quot;:{&quot;top&quot;:&quot;10px&quot;,&quot;right&quot;:&quot;20px&quot;,&quot;bottom&quot;:&quot;10px&quot;,&quot;left&quot;:&quot;20px&quot;}}},&quot;overlay&quot;:{&quot;enabled&quot;:false,&quot;items&quot;:[{&quot;color&quot;:&quot;#ffffff&quot;,&quot;backgroundColor&quot;:&quot;#333&quot;,&quot;fontSize&quot;:{&quot;number&quot;:20,&quot;unit&quot;:&quot;px&quot;},&quot;position&quot;:&quot;top_right&quot;,&quot;type&quot;:&quot;logo&quot;,&quot;opacity&quot;:0.8}]},&quot;endScreen&quot;:{&quot;enabled&quot;:false,&quot;text&quot;:&quot;Endscreen text&quot;,&quot;btnText&quot;:&quot;Watch Again&quot;,&quot;btnLink&quot;:&quot;#&quot;,&quot;btnStyle&quot;:[]},&quot;thumbInPause&quot;:{&quot;enabled&quot;:false,&quot;type&quot;:&quot;default&quot;},&quot;watermark&quot;:{&quot;color&quot;:&quot;#f00&quot;},&quot;sticky&quot;:{&quot;enabled&quot;:false,&quot;position&quot;:&quot;top_right&quot;},&quot;playWhenVisible&quot;:false,&quot;disablePause&quot;:false,&quot;hideYoutubeUI&quot;:false,&quot;startTime&quot;:0,&quot;hideLoadingPlaceholder&quot;:false,&quot;passwordProtected&quot;:{&quot;password&quot;:null}},&quot;styles&quot;:{&quot;plyr_wrapper&quot;:{&quot;width&quot;:&quot;100%&quot;},&quot;plyr&quot;:{&quot;borderRadius&quot;:&quot;0px&quot;},&quot;.plyr&quot;:{&quot;--plyr-color-main&quot;:&quot;#00b2ff&quot;}},&quot;width&quot;:{&quot;deprecated&quot;:true,&quot;number&quot;:100,&quot;unit&quot;:&quot;%&quot;,&quot;isDeprecated&quot;:true},&quot;provider&quot;:&quot;self-hosted&quot;,&quot;seo&quot;:{&quot;title&quot;:&quot;&quot;,&quot;description&quot;:&quot;&quot;,&quot;duration&quot;:&quot;&quot;},&quot;quality&quot;:[],&quot;subtitle&quot;:[{&quot;label&quot;:&quot;English\\\/en&quot;,&quot;caption_file&quot;:&quot;&quot;}],&quot;thumbInPause&quot;:false,&quot;hideYoutubeUI&quot;:false,&quot;autoplayWhenVisible&quot;:false,&quot;CSS&quot;:&quot;&quot;,&quot;isCDURL&quot;:false,&quot;posterTime&quot;:20,&quot;chapters&quot;:[],&quot;controls&quot;:{&quot;play-large&quot;:true,&quot;restart&quot;:false,&quot;rewind&quot;:false,&quot;play&quot;:true,&quot;fast-forward&quot;:false,&quot;progress&quot;:true,&quot;current-time&quot;:true,&quot;duration&quot;:false,&quot;mute&quot;:true,&quot;volume&quot;:true,&quot;pip&quot;:false,&quot;airplay&quot;:false,&quot;settings&quot;:true,&quot;downlaod&quot;:false,&quot;fullscreen&quot;:true},&quot;brandColor&quot;:&quot;#00B3FF&quot;,&quot;radius&quot;:{&quot;number&quot;:0,&quot;unit&quot;:&quot;px&quot;},&quot;repeat&quot;:false,&quot;autoplay&quot;:false,&quot;muted&quot;:false,&quot;sticky&quot;:false,&quot;stickyPosition&quot;:&quot;top-right&quot;,&quot;popup&quot;:false,&quot;popupType&quot;:&quot;poster&quot;,&quot;playsinline&quot;:false,&quot;popupBtnStyle&quot;:{&quot;color&quot;:&quot;#fff&quot;,&quot;backgroundColor&quot;:&quot;#006BA1&quot;,&quot;fontSize&quot;:&quot;16px&quot;,&quot;padding&quot;:{&quot;top&quot;:&quot;10px&quot;,&quot;right&quot;:&quot;20px&quot;,&quot;bottom&quot;:&quot;10px&quot;,&quot;left&quot;:&quot;20px&quot;},&quot;align&quot;:&quot;center&quot;},&quot;popupBtnText&quot;:&quot;Watch Video&quot;,&quot;disablePause&quot;:false,&quot;thumbStyle&quot;:&quot;default&quot;,&quot;resetOnEnd&quot;:false,&quot;autoHideControl&quot;:true,&quot;protected&quot;:false,&quot;protectedText&quot;:&quot;Please enter password to wath the video&quot;,&quot;seekTime&quot;:10,&quot;startTime&quot;:0,&quot;preload&quot;:&quot;metadata&quot;,&quot;overlay&quot;:false,&quot;overlayPosition&quot;:&quot;top_right&quot;,&quot;overlayBackground&quot;:&quot;#333&quot;,&quot;overlayOpacity&quot;:0.8,&quot;overlayTextColor&quot;:&quot;#ffffff&quot;,&quot;overlayFontSize&quot;:{&quot;number&quot;:20,&quot;unit&quot;:&quot;px&quot;},&quot;overlayTextHoverColor&quot;:&quot;#ffffff&quot;,&quot;endScreen&quot;:{&quot;enabled&quot;:false,&quot;text&quot;:&quot;Simple Text&quot;,&quot;btnText&quot;:&quot;Watch Again&quot;,&quot;btnLink&quot;:&quot;&quot;,&quot;btnStyle&quot;:[]},&quot;endscreen&quot;:false,&quot;endscreenText&quot;:&quot;Endscreen text&quot;,&quot;endscreenTextLink&quot;:&quot;#&quot;,&quot;streaming&quot;:false,&quot;streamingType&quot;:&quot;hls&quot;,&quot;speed&quot;:{&quot;1&quot;:true,&quot;2&quot;:true,&quot;3&quot;:true,&quot;0.5&quot;:true,&quot;0.75&quot;:true,&quot;1.25&quot;:true,&quot;1.5&quot;:true,&quot;1.75&quot;:true,&quot;2.5&quot;:true},&quot;captionEnabled&quot;:false,&quot;saveState&quot;:true}\">\n    <div class=\"preload_poster\" style=\"overflow:hidden;aspect-ratio:;\">\n        <svg width=\"36px\" height=\"36px\" viewBox=\"0 0 15 15\" fill=\"none\" xmlns=\"http:\/\/www.w3.org\/2000\/svg\">\n            <path d=\"M4.79062 2.09314C4.63821 1.98427 4.43774 1.96972 4.27121 2.05542C4.10467 2.14112 4 2.31271 4 2.5V12.5C4 12.6873 4.10467 12.8589 4.27121 12.9446C4.43774 13.0303 4.63821 13.0157 4.79062 12.9069L11.7906 7.90687C11.922 7.81301 12 7.66148 12 7.5C12 7.33853 11.922 7.18699 11.7906 7.09314L4.79062 2.09314Z\" fill=\"#fff\" \/>\n        <\/svg>\n    <\/div>\n<\/div>\n\n\n\n\n<figure class=\"wp-block-gallery has-nested-images columns-default is-cropped wp-block-gallery-1 is-layout-flex wp-block-gallery-is-layout-flex\"><\/figure>\n\n\n\n<hr class=\"wp-block-separator has-css-opacity\"\/>\n\n\n\n<h2 class=\"wp-block-heading\">Varaa aika<\/h2>\n\n\n\n<iframe src=\"https:\/\/timma.fi\/reservation\/blanc\" width=\"100%\" frameborder=\"0\" id=\"reservationIframe59550\" style=\"min-height:830px\"><\/iframe>\n<script src=\"https:\/\/cdnjs.cloudflare.com\/ajax\/libs\/iframe-resizer\/2.8.3\/iframeResizer.min.js\"><\/script>\n<script type=\"text\/javascript\">iFrameResize({checkOrigin: false},'#reservationIframe59550');<\/script>\n\n\n\n<hr class=\"wp-block-separator has-css-opacity\"\/>\n\n\n\n<h1 class=\"wp-block-heading\"> Suosituimmat palvelut<\/h1>\n\n\n\n<figure class=\"wp-block-gallery has-nested-images columns-default is-cropped wp-block-gallery-2 is-layout-flex wp-block-gallery-is-layout-flex\">\n<figure class=\"wp-block-image size-large\"><img loading=\"lazy\" decoding=\"async\" width=\"1024\" height=\"1024\" data-id=\"221\" src=\"https:\/\/www.blanckotka.fi\/wp-content\/uploads\/2020\/07\/IMG_20200624_135446_986-1024x1024.jpg\" alt=\"\" class=\"wp-image-221\" srcset=\"https:\/\/www.blanckotka.fi\/wp-content\/uploads\/2020\/07\/IMG_20200624_135446_986-1024x1024.jpg 1024w, https:\/\/www.blanckotka.fi\/wp-content\/uploads\/2020\/07\/IMG_20200624_135446_986-150x150.jpg 150w, https:\/\/www.blanckotka.fi\/wp-content\/uploads\/2020\/07\/IMG_20200624_135446_986-300x300.jpg 300w, https:\/\/www.blanckotka.fi\/wp-content\/uploads\/2020\/07\/IMG_20200624_135446_986-768x768.jpg 768w, https:\/\/www.blanckotka.fi\/wp-content\/uploads\/2020\/07\/IMG_20200624_135446_986-100x100.jpg 100w, https:\/\/www.blanckotka.fi\/wp-content\/uploads\/2020\/07\/IMG_20200624_135446_986.jpg 1440w\" sizes=\"auto, (max-width: 767px) 89vw, (max-width: 1000px) 54vw, (max-width: 1071px) 543px, 580px\" \/><\/figure>\n<\/figure>\n\n\n\n<p>Lashlift eli ripsien kestotaivutus tuo n\u00e4ytt\u00e4vyytt\u00e4 omille ripsille! Ripsien v\u00e4rj\u00e4ys kuuluu hintaan. 75\u20ac<\/p>\n\n\n\n<p>Mahdollisuus my\u00f6s kulmien v\u00e4rj\u00e4ykseen ja muotoiluun samalla (90\u20ac)<\/p>\n\n\n\n<hr class=\"wp-block-separator has-css-opacity\"\/>\n\n\n\n<figure class=\"wp-block-gallery has-nested-images columns-default is-cropped wp-block-gallery-3 is-layout-flex wp-block-gallery-is-layout-flex\">\n<figure class=\"wp-block-image size-large\"><img loading=\"lazy\" decoding=\"async\" width=\"768\" height=\"1024\" data-id=\"779\" src=\"https:\/\/www.blanckotka.fi\/wp-content\/uploads\/2025\/07\/20250118_014514_0000-768x1024.png\" alt=\"\" class=\"wp-image-779\" srcset=\"https:\/\/www.blanckotka.fi\/wp-content\/uploads\/2025\/07\/20250118_014514_0000-768x1024.png 768w, https:\/\/www.blanckotka.fi\/wp-content\/uploads\/2025\/07\/20250118_014514_0000-225x300.png 225w, https:\/\/www.blanckotka.fi\/wp-content\/uploads\/2025\/07\/20250118_014514_0000-1152x1536.png 1152w, https:\/\/www.blanckotka.fi\/wp-content\/uploads\/2025\/07\/20250118_014514_0000.png 1536w\" sizes=\"auto, (max-width: 767px) 89vw, (max-width: 1000px) 54vw, (max-width: 1071px) 543px, 580px\" \/><\/figure>\n\n\n\n<figure class=\"wp-block-image size-large\"><img loading=\"lazy\" decoding=\"async\" width=\"683\" height=\"1024\" data-id=\"739\" src=\"https:\/\/www.blanckotka.fi\/wp-content\/uploads\/2025\/07\/IMG_4099-683x1024.jpg\" alt=\"\" class=\"wp-image-739\" srcset=\"https:\/\/www.blanckotka.fi\/wp-content\/uploads\/2025\/07\/IMG_4099-683x1024.jpg 683w, https:\/\/www.blanckotka.fi\/wp-content\/uploads\/2025\/07\/IMG_4099-200x300.jpg 200w, https:\/\/www.blanckotka.fi\/wp-content\/uploads\/2025\/07\/IMG_4099-768x1152.jpg 768w, https:\/\/www.blanckotka.fi\/wp-content\/uploads\/2025\/07\/IMG_4099-1024x1536.jpg 1024w, https:\/\/www.blanckotka.fi\/wp-content\/uploads\/2025\/07\/IMG_4099.jpg 1365w\" sizes=\"auto, (max-width: 683px) 100vw, 683px\" \/><\/figure>\n<\/figure>\n\n\n\n<p>Kestolakkaus on yksi suosituimpia palveluja. Alk.70\u20ac<\/p>\n","protected":false},"excerpt":{"rendered":"<p>Blanc on kosmetologipalveluita ja muita kauneudenhoitopalveluita tarjoava yritys.Palveluihin kuuluvat kynsipalvelut mm. kestolakkaukset ja rakennekynnet. Suihkurusketus joka toteutetaan laadukkailla Norvell sarjan tuotteilla!\u00a0 Ripsi ja kulmapalvelut kuten, kulmien v\u00e4rj\u00e4ys sek\u00e4 muotoilu, browlift, lashlift, ripsien v\u00e4rj\u00e4ys. Meikkipalvelut juhlaan, h\u00e4ihin, kuvauksiin, lavalle tai vaikka opastus henkil\u00f6kohtaisesti tai porukalle! K\u00e4y tutustumassa kuva ja video tarjontaan Blanc Kotkan Instagram sivustolla tai &hellip; <\/p>\n<p class=\"link-more\"><a href=\"https:\/\/www.blanckotka.fi\/\" class=\"more-link\">Jatka lukemista<span class=\"screen-reader-text\"> &#8221;Kauneushoitola Blanc Kotka&#8221;<\/span><\/a><\/p>\n","protected":false},"author":1,"featured_media":0,"parent":0,"menu_order":0,"comment_status":"closed","ping_status":"closed","template":"","meta":{"footnotes":""},"class_list":["post-9","page","type-page","status-publish","hentry"],"yoast_head":"<!-- This site is optimized with the Yoast SEO plugin v25.9 - https:\/\/yoast.com\/wordpress\/plugins\/seo\/ -->\n<title>Kauneushoitola Blanc Kotka - Blanc<\/title>\n<meta name=\"description\" content=\"Rakennekynnet, Geelikynnet, Geelilakkaus, Kauneushoidot, Meikkaus, Kotka, Ripset, Kulmat, Kasvohoito, Kosmetologi, Suihkurusketus\" \/>\n<meta name=\"robots\" content=\"index, follow, max-snippet:-1, max-image-preview:large, max-video-preview:-1\" \/>\n<link rel=\"canonical\" href=\"https:\/\/www.blanckotka.fi\/\" \/>\n<meta property=\"og:locale\" content=\"fi_FI\" \/>\n<meta property=\"og:type\" content=\"article\" \/>\n<meta property=\"og:title\" content=\"Kauneushoitola Blanc Kotka - Blanc\" \/>\n<meta property=\"og:description\" content=\"Rakennekynnet, Geelikynnet, Geelilakkaus, Kauneushoidot, Meikkaus, Kotka, Ripset, Kulmat, Kasvohoito, Kosmetologi, Suihkurusketus\" \/>\n<meta property=\"og:url\" content=\"https:\/\/www.blanckotka.fi\/\" \/>\n<meta property=\"og:site_name\" content=\"Blanc\" \/>\n<meta property=\"article:publisher\" content=\"https:\/\/www.facebook.com\/blanckotka\/\" \/>\n<meta property=\"article:modified_time\" content=\"2025-09-14T20:23:32+00:00\" \/>\n<meta property=\"og:image\" content=\"https:\/\/www.blanckotka.fi\/wp-content\/uploads\/2020\/07\/IMG_20200624_135446_986-1024x1024.jpg\" \/>\n<meta name=\"twitter:card\" content=\"summary_large_image\" \/>\n<meta name=\"twitter:label1\" content=\"Arvioitu lukuaika\" \/>\n\t<meta name=\"twitter:data1\" content=\"2 minuuttia\" \/>\n<script type=\"application\/ld+json\" class=\"yoast-schema-graph\">{\"@context\":\"https:\/\/schema.org\",\"@graph\":[{\"@type\":\"WebPage\",\"@id\":\"https:\/\/www.blanckotka.fi\/\",\"url\":\"https:\/\/www.blanckotka.fi\/\",\"name\":\"Kauneushoitola Blanc Kotka - Blanc\",\"isPartOf\":{\"@id\":\"https:\/\/www.blanckotka.fi\/#website\"},\"primaryImageOfPage\":{\"@id\":\"https:\/\/www.blanckotka.fi\/#primaryimage\"},\"image\":{\"@id\":\"https:\/\/www.blanckotka.fi\/#primaryimage\"},\"thumbnailUrl\":\"https:\/\/www.blanckotka.fi\/wp-content\/uploads\/2020\/07\/IMG_20200624_135446_986-1024x1024.jpg\",\"datePublished\":\"2019-06-26T08:51:54+00:00\",\"dateModified\":\"2025-09-14T20:23:32+00:00\",\"description\":\"Rakennekynnet, Geelikynnet, Geelilakkaus, Kauneushoidot, Meikkaus, Kotka, Ripset, Kulmat, Kasvohoito, Kosmetologi, Suihkurusketus\",\"breadcrumb\":{\"@id\":\"https:\/\/www.blanckotka.fi\/#breadcrumb\"},\"inLanguage\":\"fi\",\"potentialAction\":[{\"@type\":\"ReadAction\",\"target\":[\"https:\/\/www.blanckotka.fi\/\"]}]},{\"@type\":\"ImageObject\",\"inLanguage\":\"fi\",\"@id\":\"https:\/\/www.blanckotka.fi\/#primaryimage\",\"url\":\"https:\/\/www.blanckotka.fi\/wp-content\/uploads\/2020\/07\/IMG_20200624_135446_986.jpg\",\"contentUrl\":\"https:\/\/www.blanckotka.fi\/wp-content\/uploads\/2020\/07\/IMG_20200624_135446_986.jpg\",\"width\":1440,\"height\":1440},{\"@type\":\"BreadcrumbList\",\"@id\":\"https:\/\/www.blanckotka.fi\/#breadcrumb\",\"itemListElement\":[{\"@type\":\"ListItem\",\"position\":1,\"name\":\"Home\",\"item\":\"https:\/\/www.blanckotka.fi\/\"},{\"@type\":\"ListItem\",\"position\":2,\"name\":\"Kauneushoitola Blanc Kotka\"}]},{\"@type\":\"WebSite\",\"@id\":\"https:\/\/www.blanckotka.fi\/#website\",\"url\":\"https:\/\/www.blanckotka.fi\/\",\"name\":\"Blanc\",\"description\":\"Karhulantie 71-73 LH 3-4, 48600 Kotka\",\"publisher\":{\"@id\":\"https:\/\/www.blanckotka.fi\/#organization\"},\"potentialAction\":[{\"@type\":\"SearchAction\",\"target\":{\"@type\":\"EntryPoint\",\"urlTemplate\":\"https:\/\/www.blanckotka.fi\/?s={search_term_string}\"},\"query-input\":{\"@type\":\"PropertyValueSpecification\",\"valueRequired\":true,\"valueName\":\"search_term_string\"}}],\"inLanguage\":\"fi\"},{\"@type\":\"Organization\",\"@id\":\"https:\/\/www.blanckotka.fi\/#organization\",\"name\":\"Blanc Kotka\",\"url\":\"https:\/\/www.blanckotka.fi\/\",\"logo\":{\"@type\":\"ImageObject\",\"inLanguage\":\"fi\",\"@id\":\"https:\/\/www.blanckotka.fi\/#\/schema\/logo\/image\/\",\"url\":\"http:\/\/www.blanckotka.fi\/wp-content\/uploads\/2019\/06\/ea23a78e-dc64-4873-9bb2-0f0e927cab69.jpg\",\"contentUrl\":\"http:\/\/www.blanckotka.fi\/wp-content\/uploads\/2019\/06\/ea23a78e-dc64-4873-9bb2-0f0e927cab69.jpg\",\"width\":500,\"height\":500,\"caption\":\"Blanc Kotka\"},\"image\":{\"@id\":\"https:\/\/www.blanckotka.fi\/#\/schema\/logo\/image\/\"},\"sameAs\":[\"https:\/\/www.facebook.com\/blanckotka\/\",\"https:\/\/www.instagram.com\/blanc_kotka\/\"]}]}<\/script>\n<!-- \/ Yoast SEO plugin. -->","yoast_head_json":{"title":"Kauneushoitola Blanc Kotka - Blanc","description":"Rakennekynnet, Geelikynnet, Geelilakkaus, Kauneushoidot, Meikkaus, Kotka, Ripset, Kulmat, Kasvohoito, Kosmetologi, Suihkurusketus","robots":{"index":"index","follow":"follow","max-snippet":"max-snippet:-1","max-image-preview":"max-image-preview:large","max-video-preview":"max-video-preview:-1"},"canonical":"https:\/\/www.blanckotka.fi\/","og_locale":"fi_FI","og_type":"article","og_title":"Kauneushoitola Blanc Kotka - Blanc","og_description":"Rakennekynnet, Geelikynnet, Geelilakkaus, Kauneushoidot, Meikkaus, Kotka, Ripset, Kulmat, Kasvohoito, Kosmetologi, Suihkurusketus","og_url":"https:\/\/www.blanckotka.fi\/","og_site_name":"Blanc","article_publisher":"https:\/\/www.facebook.com\/blanckotka\/","article_modified_time":"2025-09-14T20:23:32+00:00","og_image":[{"url":"https:\/\/www.blanckotka.fi\/wp-content\/uploads\/2020\/07\/IMG_20200624_135446_986-1024x1024.jpg","type":"","width":"","height":""}],"twitter_card":"summary_large_image","twitter_misc":{"Arvioitu lukuaika":"2 minuuttia"},"schema":{"@context":"https:\/\/schema.org","@graph":[{"@type":"WebPage","@id":"https:\/\/www.blanckotka.fi\/","url":"https:\/\/www.blanckotka.fi\/","name":"Kauneushoitola Blanc Kotka - Blanc","isPartOf":{"@id":"https:\/\/www.blanckotka.fi\/#website"},"primaryImageOfPage":{"@id":"https:\/\/www.blanckotka.fi\/#primaryimage"},"image":{"@id":"https:\/\/www.blanckotka.fi\/#primaryimage"},"thumbnailUrl":"https:\/\/www.blanckotka.fi\/wp-content\/uploads\/2020\/07\/IMG_20200624_135446_986-1024x1024.jpg","datePublished":"2019-06-26T08:51:54+00:00","dateModified":"2025-09-14T20:23:32+00:00","description":"Rakennekynnet, Geelikynnet, Geelilakkaus, Kauneushoidot, Meikkaus, Kotka, Ripset, Kulmat, Kasvohoito, Kosmetologi, Suihkurusketus","breadcrumb":{"@id":"https:\/\/www.blanckotka.fi\/#breadcrumb"},"inLanguage":"fi","potentialAction":[{"@type":"ReadAction","target":["https:\/\/www.blanckotka.fi\/"]}]},{"@type":"ImageObject","inLanguage":"fi","@id":"https:\/\/www.blanckotka.fi\/#primaryimage","url":"https:\/\/www.blanckotka.fi\/wp-content\/uploads\/2020\/07\/IMG_20200624_135446_986.jpg","contentUrl":"https:\/\/www.blanckotka.fi\/wp-content\/uploads\/2020\/07\/IMG_20200624_135446_986.jpg","width":1440,"height":1440},{"@type":"BreadcrumbList","@id":"https:\/\/www.blanckotka.fi\/#breadcrumb","itemListElement":[{"@type":"ListItem","position":1,"name":"Home","item":"https:\/\/www.blanckotka.fi\/"},{"@type":"ListItem","position":2,"name":"Kauneushoitola Blanc Kotka"}]},{"@type":"WebSite","@id":"https:\/\/www.blanckotka.fi\/#website","url":"https:\/\/www.blanckotka.fi\/","name":"Blanc","description":"Karhulantie 71-73 LH 3-4, 48600 Kotka","publisher":{"@id":"https:\/\/www.blanckotka.fi\/#organization"},"potentialAction":[{"@type":"SearchAction","target":{"@type":"EntryPoint","urlTemplate":"https:\/\/www.blanckotka.fi\/?s={search_term_string}"},"query-input":{"@type":"PropertyValueSpecification","valueRequired":true,"valueName":"search_term_string"}}],"inLanguage":"fi"},{"@type":"Organization","@id":"https:\/\/www.blanckotka.fi\/#organization","name":"Blanc Kotka","url":"https:\/\/www.blanckotka.fi\/","logo":{"@type":"ImageObject","inLanguage":"fi","@id":"https:\/\/www.blanckotka.fi\/#\/schema\/logo\/image\/","url":"http:\/\/www.blanckotka.fi\/wp-content\/uploads\/2019\/06\/ea23a78e-dc64-4873-9bb2-0f0e927cab69.jpg","contentUrl":"http:\/\/www.blanckotka.fi\/wp-content\/uploads\/2019\/06\/ea23a78e-dc64-4873-9bb2-0f0e927cab69.jpg","width":500,"height":500,"caption":"Blanc Kotka"},"image":{"@id":"https:\/\/www.blanckotka.fi\/#\/schema\/logo\/image\/"},"sameAs":["https:\/\/www.facebook.com\/blanckotka\/","https:\/\/www.instagram.com\/blanc_kotka\/"]}]}},"_links":{"self":[{"href":"https:\/\/www.blanckotka.fi\/index.php\/wp-json\/wp\/v2\/pages\/9","targetHints":{"allow":["GET"]}}],"collection":[{"href":"https:\/\/www.blanckotka.fi\/index.php\/wp-json\/wp\/v2\/pages"}],"about":[{"href":"https:\/\/www.blanckotka.fi\/index.php\/wp-json\/wp\/v2\/types\/page"}],"author":[{"embeddable":true,"href":"https:\/\/www.blanckotka.fi\/index.php\/wp-json\/wp\/v2\/users\/1"}],"replies":[{"embeddable":true,"href":"https:\/\/www.blanckotka.fi\/index.php\/wp-json\/wp\/v2\/comments?post=9"}],"version-history":[{"count":53,"href":"https:\/\/www.blanckotka.fi\/index.php\/wp-json\/wp\/v2\/pages\/9\/revisions"}],"predecessor-version":[{"id":798,"href":"https:\/\/www.blanckotka.fi\/index.php\/wp-json\/wp\/v2\/pages\/9\/revisions\/798"}],"wp:attachment":[{"href":"https:\/\/www.blanckotka.fi\/index.php\/wp-json\/wp\/v2\/media?parent=9"}],"curies":[{"name":"wp","href":"https:\/\/api.w.org\/{rel}","templated":true}]}}